{"id":172049,"date":"2023-06-22T15:46:32","date_gmt":"2023-06-22T13:46:32","guid":{"rendered":"https:\/\/proglass.de\/produkt\/injector-resin-tank-sealing-kit-in-6-parts-for-wsr-800\/"},"modified":"2026-03-31T21:21:45","modified_gmt":"2026-03-31T22:11:04","slug":"injector-resin-tank-sealing-kit-in-6-parts-for-wsr-800","status":"publish","type":"product","link":"https:\/\/proglass.de\/en\/produkt\/injector-resin-tank-sealing-kit-in-6-parts-for-wsr-800\/","title":{"rendered":"Injector\/Resin Tank Sealing Kit, in 6 parts for WSR-800"},"content":{"rendered":"<p>The set contains 2 seals for the resin tank (\u00d8 11.6 mm), the resin chamber (\u00d8 7.5 mm) and the injector (\u00d8 11.6 mm). The material (MVQ &#8211; silicone rubber) has good chemical resistance. This means that the seals keep their shape despite regular, direct contact with the repair resin. However, we recommend replacing all three seals after 6 months, as there is a certain amount of wear \/ abrasion during use.<\/p>\n","protected":false},"excerpt":{"rendered":"<p>The set contains 2 seals for the resin tank (\u00d8 11.6 mm), the resin chamber (\u00d8 7.5 mm) and the injector (\u00d8 11.6 mm). The material (MVQ &#8211; silicone rubber) has good chemical resistance. This means that the seals keep their shape despite regular, direct contact with the repair resin. However, we recommend replacing all [&hellip;]<\/p>\n","protected":false},"featured_media":259605,"template":"","meta":{"_relevanssi_hide_post":"","_relevanssi_hide_content":"","_relevanssi_pin_for_all":"","_relevanssi_pin_keywords":"","_relevanssi_unpin_keywords":"","_relevanssi_related_keywords":"","_relevanssi_related_include_ids":"","_relevanssi_related_exclude_ids":"","_relevanssi_related_no_append":"","_relevanssi_related_not_related":"","_relevanssi_related_posts":"","_relevanssi_noindex_reason":""},"product_cat":[95779],"product_tag":[],"acf":[],"_links":{"self":[{"href":"https:\/\/proglass.de\/en\/wp-json\/wp\/v2\/product\/172049"}],"collection":[{"href":"https:\/\/proglass.de\/en\/wp-json\/wp\/v2\/product"}],"about":[{"href":"https:\/\/proglass.de\/en\/wp-json\/wp\/v2\/types\/product"}],"wp:featuredmedia":[{"embeddable":true,"href":"https:\/\/proglass.de\/en\/wp-json\/wp\/v2\/media\/259605"}],"wp:attachment":[{"href":"https:\/\/proglass.de\/en\/wp-json\/wp\/v2\/media?parent=172049"}],"wp:term":[{"taxonomy":"product_cat","embeddable":true,"href":"https:\/\/proglass.de\/en\/wp-json\/wp\/v2\/product_cat?post=172049"},{"taxonomy":"product_tag","embeddable":true,"href":"https:\/\/proglass.de\/en\/wp-json\/wp\/v2\/product_tag?post=172049"}],"curies":[{"name":"wp","href":"https:\/\/api.w.org\/{rel}","templated":true}]}}