{"id":74401,"date":"2022-09-09T10:48:20","date_gmt":"2022-09-09T08:48:20","guid":{"rendered":"http:\/\/proglass.de.w01cd995.kasserver.com\/?page_id=74401"},"modified":"2023-03-16T15:31:04","modified_gmt":"2023-03-16T14:31:04","slug":"payment-methods","status":"publish","type":"page","link":"https:\/\/proglass.de\/en\/payment-methods\/","title":{"rendered":"Payment methods"},"content":{"rendered":"<div class=\"woocommerce woocommerce-gzd\">\n\t<ul class=\"payment_methods methods\">\n\t\t\t\t\t<li class=\"payment_method_invoice\">\n\t\t\t\t<label>Invoice<\/label>\n\t\t\t\t\t\t\t\t\t<div class=\"payment_box payment_method_invoice\">\n\t\t\t\t\t\t<p>You will receive an invoice by e-mail after your order has been dispatched.<\/p>\n\t\t\t\t\t<\/div>\n\t\t\t\t\t\t\t<\/li>\n\t\t\t\t\t<li class=\"payment_method_cheque\">\n\t\t\t\t<label>Direct debit<\/label>\n\t\t\t\t\t\t\t\t\t<div class=\"payment_box payment_method_cheque\">\n\t\t\t\t\t\t<p>ACHTUNG: Das unterschriebene SEPA-Lastschriftmandat muss uns sp\u00e4testens mit Zugang der ersten Bestellung vorliegen! Ansonsten wird die Bestellung von uns nicht ausgef\u00fchrt. Das Formular zum Ausf\u00fcllen finden Sie im Servicebereich unserer Webseite.<\/p>\n\t\t\t\t\t<\/div>\n\t\t\t\t\t\t\t<\/li>\n\t\t\t\t\t<li class=\"payment_method_bacs\">\n\t\t\t\t<label>Payment in advance<\/label>\n\t\t\t\t\t\t\t\t\t<div class=\"payment_box payment_method_bacs\">\n\t\t\t\t\t\t<p>Payment in advance. You will receive the payment instructions with our order confirmation.<\/p>\n\t\t\t\t\t<\/div>\n\t\t\t\t\t\t\t<\/li>\n\t\t\t\t\t<li class=\"payment_method_cod\">\n\t\t\t\t<label>Cash on delivery<\/label>\n\t\t\t\t\t\t\t\t\t<div class=\"payment_box payment_method_cod\">\n\t\t\t\t\t\t<p>Pay by cash on delivery.<\/p>\n\t\t\t\t\t<\/div>\n\t\t\t\t\t\t\t<\/li>\n\t\t\t\t\t<li class=\"payment_method_ppcp-gateway\">\n\t\t\t\t<label>PayPal or SOFORT<img decoding=\"async\" src=\"https:\/\/proglass.de\/wp-content\/plugins\/woocommerce-paypal-payments\/modules\/ppcp-wc-gateway\/assets\/images\/paypal.svg\" alt=\"PayPal or SOFORT\" \/><\/label>\n\t\t\t\t\t\t\t\t\t<div class=\"payment_box payment_method_ppcp-gateway\">\n\t\t\t\t\t\t<p>Pay with PayPal or SOFORT bank transfer<\/p>\n\t\t\t\t\t<\/div>\n\t\t\t\t\t\t\t<\/li>\n\t\t\t\t\t<li class=\"payment_method_ppcp-credit-card-gateway\">\n\t\t\t\t<label>Credit card (VISA\/Mastercard)<img decoding=\"async\" class=\"ppcp-card-icon\" title=\"Visa\" src=\"https:\/\/proglass.de\/wp-content\/plugins\/woocommerce-paypal-payments\/modules\/ppcp-wc-gateway\/assets\/images\/\/visa.svg\"> <img decoding=\"async\" class=\"ppcp-card-icon\" title=\"Mastercard\" src=\"https:\/\/proglass.de\/wp-content\/plugins\/woocommerce-paypal-payments\/modules\/ppcp-wc-gateway\/assets\/images\/\/mastercard.svg\"> <\/label>\n\t\t\t\t\t\t\t\t\t<div class=\"payment_box payment_method_ppcp-credit-card-gateway\">\n\t\t\t\t\t\t<p>Pay with your credit card.<\/p>\n\t\t\t\t\t<\/div>\n\t\t\t\t\t\t\t<\/li>\n\t\t\t\t\t<li class=\"payment_method_b2bwhs-invoice-gateway\">\n\t\t\t\t<label>Zentralregulierung KS<\/label>\n\t\t\t\t\t\t\t\t\t<div class=\"payment_box payment_method_b2bwhs-invoice-gateway\">\n\t\t\t\t\t\t<p>Zentralregulierung durch die KS Partner-System GmbH<\/p>\n\t\t\t\t\t<\/div>\n\t\t\t\t\t\t\t<\/li>\n\t\t\t<\/ul>\n<\/div>\n","protected":false},"excerpt":{"rendered":"","protected":false},"author":1,"featured_media":0,"parent":0,"menu_order":0,"comment_status":"closed","ping_status":"closed","template":"","meta":{"_relevanssi_hide_post":"","_relevanssi_hide_content":"","_relevanssi_pin_for_all":"","_relevanssi_pin_keywords":"","_relevanssi_unpin_keywords":"","_relevanssi_related_keywords":"","_relevanssi_related_include_ids":"","_relevanssi_related_exclude_ids":"","_relevanssi_related_no_append":"","_relevanssi_related_not_related":"","_relevanssi_related_posts":"","_relevanssi_noindex_reason":"","footnotes":""},"acf":[],"_links":{"self":[{"href":"https:\/\/proglass.de\/en\/wp-json\/wp\/v2\/pages\/74401"}],"collection":[{"href":"https:\/\/proglass.de\/en\/wp-json\/wp\/v2\/pages"}],"about":[{"href":"https:\/\/proglass.de\/en\/wp-json\/wp\/v2\/types\/page"}],"author":[{"embeddable":true,"href":"https:\/\/proglass.de\/en\/wp-json\/wp\/v2\/users\/1"}],"replies":[{"embeddable":true,"href":"https:\/\/proglass.de\/en\/wp-json\/wp\/v2\/comments?post=74401"}],"version-history":[{"count":0,"href":"https:\/\/proglass.de\/en\/wp-json\/wp\/v2\/pages\/74401\/revisions"}],"wp:attachment":[{"href":"https:\/\/proglass.de\/en\/wp-json\/wp\/v2\/media?parent=74401"}],"curies":[{"name":"wp","href":"https:\/\/api.w.org\/{rel}","templated":true}]}}