{"id":74343,"date":"2022-04-01T14:22:53","date_gmt":"2022-04-01T12:22:53","guid":{"rendered":"http:\/\/proglass.de.w01cd995.kasserver.com\/?page_id=74343"},"modified":"2023-03-16T15:33:37","modified_gmt":"2023-03-16T14:33:37","slug":"trainings","status":"publish","type":"page","link":"https:\/\/proglass.de\/en\/trainings\/","title":{"rendered":"Trainings"},"content":{"rendered":"\n<style type=\"text\/css\" data-created_by=\"avia_inline_auto\" id=\"style-css-av-29z1fr-46ead09b61bda159d0ca6d164576c017\">\n#top .flex_column.av-29z1fr-46ead09b61bda159d0ca6d164576c017{\nmargin-top:0px;\nmargin-bottom:0px;\n}\n.responsive #top #wrap_all .flex_column.av-29z1fr-46ead09b61bda159d0ca6d164576c017{\nmargin-top:0px;\nmargin-bottom:0px;\n}\n<\/style>\n<div class='flex_column av-29z1fr-46ead09b61bda159d0ca6d164576c017 av_one_full  avia-builder-el-0  el_before_av_one_full  avia-builder-el-first  first flex_column_div '   ><p>\n<style type=\"text\/css\" data-created_by=\"avia_inline_auto\" id=\"style-css-av-l3k7f7wz-844fb2ab21afe78cafdd10eebe4b2b79\">\n#top .av-special-heading.av-l3k7f7wz-844fb2ab21afe78cafdd10eebe4b2b79{\npadding-bottom:10px;\n}\nbody .av-special-heading.av-l3k7f7wz-844fb2ab21afe78cafdd10eebe4b2b79 .av-special-heading-tag .heading-char{\nfont-size:25px;\n}\n.av-special-heading.av-l3k7f7wz-844fb2ab21afe78cafdd10eebe4b2b79 .av-subheading{\nfont-size:15px;\n}\n<\/style>\n<div  class='av-special-heading av-l3k7f7wz-844fb2ab21afe78cafdd10eebe4b2b79 av-special-heading-h1 blockquote modern-quote  avia-builder-el-1  el_before_av_textblock  avia-builder-el-first '><h1 class='av-special-heading-tag'  itemprop=\"headline\"  >Schulungen<\/h1><div class=\"special-heading-border\"><div class=\"special-heading-inner-border\"><\/div><\/div><\/div><br \/>\n<section  class='av_textblock_section av-258lmv-8d8fec15b30ee1a8c5ff8060c872ca88'  itemscope=\"itemscope\" itemtype=\"https:\/\/schema.org\/CreativeWork\" ><div class='avia_textblock'  itemprop=\"text\" ><p><strong>Lorem ipsum dolor sit amet, consetetur sadipscing elitr, sed diam nonumy eirmod tempor invidunt ut labore et dolore magna aliquyam erat, sed diam voluptua.<\/strong><\/p>\n<\/div><\/section><\/p><\/div>\n<div class='flex_column av-1ozqun-daceef8d8846dce30da576639e79fbc8 av_one_full  avia-builder-el-3  el_after_av_one_full  el_before_av_one_full  first flex_column_div column-top-margin'   ><p>\n<style type=\"text\/css\" data-created_by=\"avia_inline_auto\" id=\"style-css-av-l3k7jpwu-889755f2cb205579495ff63b19d41694\">\n#top .av-special-heading.av-l3k7jpwu-889755f2cb205579495ff63b19d41694{\npadding-bottom:10px;\n}\nbody .av-special-heading.av-l3k7jpwu-889755f2cb205579495ff63b19d41694 .av-special-heading-tag .heading-char{\nfont-size:25px;\n}\n.av-special-heading.av-l3k7jpwu-889755f2cb205579495ff63b19d41694 .av-subheading{\nfont-size:20px;\n}\n<\/style>\n<div  class='av-special-heading av-l3k7jpwu-889755f2cb205579495ff63b19d41694 av-special-heading-h2 blockquote modern-quote  avia-builder-el-4  el_before_av_textblock  avia-builder-el-first '><h2 class='av-special-heading-tag'  itemprop=\"headline\"  >Regionale Schulungen<\/h2><div class='av-subheading av-subheading_below'><p>Kalibrierung von Fahrer-Assistenzsystemen mit dem OCTOPUS<\/p>\n<\/div><div class=\"special-heading-border\"><div class=\"special-heading-inner-border\"><\/div><\/div><\/div><br \/>\n<section  class='av_textblock_section av-l3k7gpi3-181cd64f3a6d38b38414127832b8aded'  itemscope=\"itemscope\" itemtype=\"https:\/\/schema.org\/CreativeWork\" ><div class='avia_textblock'  itemprop=\"text\" ><p>Regionale Schulungen: Kalibrierung von Fahrer-Assistenzsystemen mit dem OCTOPUS<\/p>\n<p>Erg\u00e4nzend zur Beratung durch unsere technisch geschulten Verkaufsleiter im Au\u00dfendienst bieten wir f\u00fcr den Produktbereich der Kalibrierung von FAS (engl. ADAS) regionale Schulungen in kleinen Gruppen an. Die Teilnehmer erlernen die korrekte Handhabung und Funktionsweise der OCTOPUS Kalibriervorrichtung, sowie der TEXA Diagnose-Software. Die Schulung findet, je nach Schwerpunkt der Teilnehmer, am Pkw und\/oder Lkw statt. Ziel der 1-Tagesveranstaltung ist das grundlegende Verst\u00e4ndnis f\u00fcr die technischen Voraussetzungen und die erforderlichen Arbeitsschritte zur Re-Kalibrierung einer Multifunktionskamera, z. B. nach dem Austausch der Windschutzscheibe.<\/p>\n<\/div><\/section><\/p><\/div>\n<div class='flex_column av-s8v1b-24aaf45cd3bf9369dadbfea30537c83a av_one_full  avia-builder-el-6  el_after_av_one_full  el_before_av_one_full  first flex_column_div column-top-margin'   ><p>\n<style type=\"text\/css\" data-created_by=\"avia_inline_auto\" id=\"style-css-av-l3k7rh9n-57a1ddf4f7cddcff3cba641f50ebe89c\">\n#top .av-special-heading.av-l3k7rh9n-57a1ddf4f7cddcff3cba641f50ebe89c{\npadding-bottom:10px;\n}\nbody .av-special-heading.av-l3k7rh9n-57a1ddf4f7cddcff3cba641f50ebe89c .av-special-heading-tag .heading-char{\nfont-size:25px;\n}\n.av-special-heading.av-l3k7rh9n-57a1ddf4f7cddcff3cba641f50ebe89c .av-subheading{\nfont-size:20px;\n}\n<\/style>\n<div  class='av-special-heading av-l3k7rh9n-57a1ddf4f7cddcff3cba641f50ebe89c av-special-heading-h2 blockquote modern-quote  avia-builder-el-7  el_before_av_textblock  avia-builder-el-first '><h2 class='av-special-heading-tag'  itemprop=\"headline\"  >In-House-Schulungen<\/h2><div class='av-subheading av-subheading_below'><p>Kalibrierung von Fahrer-Assistenzsystemen mit dem OCTOPUS<\/p>\n<\/div><div class=\"special-heading-border\"><div class=\"special-heading-inner-border\"><\/div><\/div><\/div><br \/>\n<section  class='av_textblock_section av-l0g1b-98d18d4b979a92f261306a38781a1e67'  itemscope=\"itemscope\" itemtype=\"https:\/\/schema.org\/CreativeWork\" ><div class='avia_textblock'  itemprop=\"text\" ><p>Sie betreiben ein Autohaus, eine Kfz- oder Karosserie-Werkstatt und m\u00f6chten unsere Produkte \u00fcber den Fachhandel erwerben? Dann finden Sie den n\u00e4chsten H\u00e4ndler unter dem Stichwort Bezugsquellen. Wenn Sie keinen H\u00e4ndler in der N\u00e4he finden oder gerne online bestellen m\u00f6chten, beliefern wir Sie nat\u00fcrlich auch gerne direkt!<\/p>\n<\/div><\/section><\/p><\/div>\n<div class='flex_column av-z24n-5e551c955e031be449ca7eab45900b72 av_one_full  avia-builder-el-9  el_after_av_one_full  el_before_av_hr  first flex_column_div column-top-margin'   ><p>\n<style type=\"text\/css\" data-created_by=\"avia_inline_auto\" id=\"style-css-av-l3k7seki-956b152ed5ad0457955c3739d0100ceb\">\n#top .av-special-heading.av-l3k7seki-956b152ed5ad0457955c3739d0100ceb{\npadding-bottom:10px;\n}\nbody .av-special-heading.av-l3k7seki-956b152ed5ad0457955c3739d0100ceb .av-special-heading-tag .heading-char{\nfont-size:25px;\n}\n.av-special-heading.av-l3k7seki-956b152ed5ad0457955c3739d0100ceb .av-subheading{\nfont-size:20px;\n}\n<\/style>\n<div  class='av-special-heading av-l3k7seki-956b152ed5ad0457955c3739d0100ceb av-special-heading-h2 blockquote modern-quote  avia-builder-el-10  el_before_av_textblock  avia-builder-el-first '><h2 class='av-special-heading-tag'  itemprop=\"headline\"  >Kalibrierungsschulungen<\/h2><div class='av-subheading av-subheading_below'><p>mit Zertifikat \u201eKalibrierungs-Fachkraft\u201c<\/p>\n<\/div><div class=\"special-heading-border\"><div class=\"special-heading-inner-border\"><\/div><\/div><\/div><br \/>\n<section  class='av_textblock_section av-l3k7smd1-17a5fd5315bfd135f0442ae441cef969'  itemscope=\"itemscope\" itemtype=\"https:\/\/schema.org\/CreativeWork\" ><div class='avia_textblock'  itemprop=\"text\" ><p>In Kooperation mit dem Autoglas-Schulungscenter, der ASC GbR, bieten wir eine Kalibrierungs-Schulung \u00fcber 2 Tage an, in der die Teilnehmer sehr ausf\u00fchrlich in die Grundlagen der Fahrer-Assistenzsysteme, der Fahrzeuggeometrie, der Diagnose und der Fehlersuche eintauchen. K\u00e4ufer eines OCTOPUS erhalten die Schulungsteilnahme zu verg\u00fcnstigten Konditionen. Die Schulungen finden regelm\u00e4\u00dfig im Schulungscenter der ASC (in 86899 Landsberg am Lech) statt. Die Durchf\u00fchrung als In-House-Schulung ist bei entsprechender Personenzahl ebenso m\u00f6glich.<\/p>\n<\/div><\/section><\/p><\/div>\n\n<style type=\"text\/css\" data-created_by=\"avia_inline_auto\" id=\"style-css-av-l3k7yygx-99ceb2e89ccd00839ebe1f680e333387\">\n#top .hr.hr-invisible.av-l3k7yygx-99ceb2e89ccd00839ebe1f680e333387{\nheight:50px;\n}\n<\/style>\n<div  class='hr av-l3k7yygx-99ceb2e89ccd00839ebe1f680e333387 hr-invisible  avia-builder-el-12  el_after_av_one_full  el_before_av_one_full '><span class='hr-inner '><span class=\"hr-inner-style\"><\/span><\/span><\/div>\n\n<style type=\"text\/css\" data-created_by=\"avia_inline_auto\" id=\"style-css-av-29gb1z-8c0bb8ba06aeab5d2f64758a8218b4cf\">\n#top .flex_column.av-29gb1z-8c0bb8ba06aeab5d2f64758a8218b4cf{\nmargin-top:0px;\nmargin-bottom:0px;\n}\n.responsive #top #wrap_all .flex_column.av-29gb1z-8c0bb8ba06aeab5d2f64758a8218b4cf{\nmargin-top:0px;\nmargin-bottom:0px;\n}\n<\/style>\n<div class='flex_column av-29gb1z-8c0bb8ba06aeab5d2f64758a8218b4cf av_one_full  avia-builder-el-13  el_after_av_hr  avia-builder-el-last  first flex_column_div '   ><p>\n<style type=\"text\/css\" data-created_by=\"avia_inline_auto\" id=\"style-css-av-20c6jz-c2eb8688a7c6fbea81929068efdbfe9b\">\n#top .av-special-heading.av-20c6jz-c2eb8688a7c6fbea81929068efdbfe9b{\npadding-bottom:10px;\n}\nbody .av-special-heading.av-20c6jz-c2eb8688a7c6fbea81929068efdbfe9b .av-special-heading-tag .heading-char{\nfont-size:25px;\n}\n.av-special-heading.av-20c6jz-c2eb8688a7c6fbea81929068efdbfe9b .av-subheading{\nfont-size:15px;\n}\n<\/style>\n<div  class='av-special-heading av-20c6jz-c2eb8688a7c6fbea81929068efdbfe9b av-special-heading-h2 blockquote modern-quote  avia-builder-el-14  el_before_av_contact  avia-builder-el-first '><h2 class='av-special-heading-tag'  itemprop=\"headline\"  >Kontaktformular<\/h2><div class=\"special-heading-border\"><div class=\"special-heading-inner-border\"><\/div><\/div><\/div><br \/>\n<form action=\"https:\/\/proglass.de\/en\/trainings\/\" method=\"post\"  class=\"avia_ajax_form av-form-labels-visible   avia-builder-el-15  el_after_av_heading  avia-builder-el-last   \" data-avia-form-id=\"1\" data-avia-redirect='' ><fieldset><p class='  first_form  form_element form_fullwidth' id='element_avia_1_1'><label for=\"avia_1_1\">Name 1<\/label> <input name=\"avia_1_1\" class=\"text_input \" type=\"text\" id=\"avia_1_1\" value=\"\" \/><\/p><p class='  first_form  form_element form_fullwidth' id='element_avia_2_1'><label for=\"avia_2_1\">Name 2<\/label> <input name=\"avia_2_1\" class=\"text_input \" type=\"text\" id=\"avia_2_1\" value=\"\" \/><\/p><p class='  first_form  form_element form_fullwidth' id='element_avia_3_1'><label for=\"avia_3_1\">Name 3 <abbr class=\"required\" title=\"required\">*<\/abbr><\/label> <input name=\"avia_3_1\" class=\"text_input is_empty\" type=\"text\" id=\"avia_3_1\" value=\"\" \/><\/p><p class='  first_form  form_element form_fullwidth' id='element_avia_4_1'><label for=\"avia_4_1\">Ansprechpartner<\/label> <input name=\"avia_4_1\" class=\"text_input \" type=\"text\" id=\"avia_4_1\" value=\"\" \/><\/p><p class='  first_form  form_element form_fullwidth' id='element_avia_5_1'><label for=\"avia_5_1\">Stra\u00dfe und Hausnummer <abbr class=\"required\" title=\"required\">*<\/abbr><\/label> <input name=\"avia_5_1\" class=\"text_input is_empty\" type=\"text\" id=\"avia_5_1\" value=\"\" \/><\/p><p class='  first_form  form_element form_element_half' id='element_avia_6_1'><label for=\"avia_6_1\">PLZ <abbr class=\"required\" title=\"required\">*<\/abbr><\/label> <input name=\"avia_6_1\" class=\"text_input is_empty\" type=\"text\" id=\"avia_6_1\" value=\"\" \/><\/p><p class='  form_element form_element_half' id='element_avia_7_1'><label for=\"avia_7_1\">Ort <abbr class=\"required\" title=\"required\">*<\/abbr><\/label> <input name=\"avia_7_1\" class=\"text_input is_empty\" type=\"text\" id=\"avia_7_1\" value=\"\" \/><\/p><p class='  first_form  form_element form_element_half' id='element_avia_8_1'><label for=\"avia_8_1\">Telefon <abbr class=\"required\" title=\"required\">*<\/abbr><\/label> <input name=\"avia_8_1\" class=\"text_input is_phone\" type=\"text\" id=\"avia_8_1\" value=\"\" \/><\/p><p class='  form_element form_element_half' id='element_avia_9_1'><label for=\"avia_9_1\">E-Mail <abbr class=\"required\" title=\"required\">*<\/abbr><\/label> <input name=\"avia_9_1\" class=\"text_input is_email\" type=\"text\" id=\"avia_9_1\" value=\"\" \/><\/p><p class='  first_form  form_element form_fullwidth av-last-visible-form-element' id='element_avia_10_1'><label for=\"avia_10_1\" class=\"textare_label hidden textare_label_avia_10_1\">Ihr Wunsch <abbr class=\"required\" title=\"required\">*<\/abbr><\/label><textarea  name=\"avia_10_1\" class=\"text_area is_empty\" cols=\"40\" rows=\"7\" id=\"avia_10_1\" ><\/textarea><\/p><p class=\"hidden\"><input type=\"text\" name=\"avia_11_1\" class=\"hidden \" id=\"avia_11_1\" value=\"\" \/><\/p><p class=\"form_element \"><input type=\"hidden\" value=\"1\" name=\"avia_generated_form1\" \/><input type=\"submit\" value=\"Absenden\" class=\"button\"  data-sending-label=\"Sending\"\/><\/p><\/fieldset><\/form><div id=\"ajaxresponse_1\" class=\"ajaxresponse ajaxresponse_1 hidden\"><\/div><\/p><\/div>\n","protected":false},"excerpt":{"rendered":"","protected":false},"author":1,"featured_media":0,"parent":0,"menu_order":0,"comment_status":"closed","ping_status":"closed","template":"","meta":{"_relevanssi_hide_post":"","_relevanssi_hide_content":"","_relevanssi_pin_for_all":"","_relevanssi_pin_keywords":"","_relevanssi_unpin_keywords":"","_relevanssi_related_keywords":"","_relevanssi_related_include_ids":"","_relevanssi_related_exclude_ids":"","_relevanssi_related_no_append":"","_relevanssi_related_not_related":"","_relevanssi_related_posts":"","_relevanssi_noindex_reason":"","footnotes":""},"acf":[],"_links":{"self":[{"href":"https:\/\/proglass.de\/en\/wp-json\/wp\/v2\/pages\/74343"}],"collection":[{"href":"https:\/\/proglass.de\/en\/wp-json\/wp\/v2\/pages"}],"about":[{"href":"https:\/\/proglass.de\/en\/wp-json\/wp\/v2\/types\/page"}],"author":[{"embeddable":true,"href":"https:\/\/proglass.de\/en\/wp-json\/wp\/v2\/users\/1"}],"replies":[{"embeddable":true,"href":"https:\/\/proglass.de\/en\/wp-json\/wp\/v2\/comments?post=74343"}],"version-history":[{"count":0,"href":"https:\/\/proglass.de\/en\/wp-json\/wp\/v2\/pages\/74343\/revisions"}],"wp:attachment":[{"href":"https:\/\/proglass.de\/en\/wp-json\/wp\/v2\/media?parent=74343"}],"curies":[{"name":"wp","href":"https:\/\/api.w.org\/{rel}","templated":true}]}}