{"id":74302,"date":"2023-02-17T14:02:43","date_gmt":"2023-02-17T13:02:43","guid":{"rendered":"http:\/\/proglass.de.w01cd995.kasserver.com\/?page_id=74302"},"modified":"2023-03-16T15:33:30","modified_gmt":"2023-03-16T14:33:30","slug":"successful-registration","status":"publish","type":"page","link":"https:\/\/proglass.de\/en\/successful-registration\/","title":{"rendered":"Successful registration"},"content":{"rendered":"<p>Sie wurden erfolgreich f\u00fcr unser Shop-System registiriert.<\/p>\n<p>Bevor Sie unseren Shop allerdings nutzen k\u00f6nnen, m\u00fcssen wir Ihre Angaben pr\u00fcfen und Ihnen eine Kundennummer zuteilen.<\/p>\n<p>Sobald dies geschehen ist, melden wir uns bei Ihnen.<\/p>\n","protected":false},"excerpt":{"rendered":"<p>Sie wurden erfolgreich f\u00fcr unser Shop-System registiriert. Bevor Sie unseren Shop allerdings nutzen k\u00f6nnen, m\u00fcssen wir Ihre Angaben pr\u00fcfen und Ihnen eine Kundennummer zuteilen. Sobald dies geschehen ist, melden wir uns bei Ihnen.<\/p>\n","protected":false},"author":1,"featured_media":0,"parent":0,"menu_order":0,"comment_status":"closed","ping_status":"closed","template":"","meta":{"_relevanssi_hide_post":"","_relevanssi_hide_content":"","_relevanssi_pin_for_all":"","_relevanssi_pin_keywords":"","_relevanssi_unpin_keywords":"","_relevanssi_related_keywords":"","_relevanssi_related_include_ids":"","_relevanssi_related_exclude_ids":"","_relevanssi_related_no_append":"","_relevanssi_related_not_related":"","_relevanssi_related_posts":"","_relevanssi_noindex_reason":"","footnotes":""},"acf":[],"_links":{"self":[{"href":"https:\/\/proglass.de\/en\/wp-json\/wp\/v2\/pages\/74302"}],"collection":[{"href":"https:\/\/proglass.de\/en\/wp-json\/wp\/v2\/pages"}],"about":[{"href":"https:\/\/proglass.de\/en\/wp-json\/wp\/v2\/types\/page"}],"author":[{"embeddable":true,"href":"https:\/\/proglass.de\/en\/wp-json\/wp\/v2\/users\/1"}],"replies":[{"embeddable":true,"href":"https:\/\/proglass.de\/en\/wp-json\/wp\/v2\/comments?post=74302"}],"version-history":[{"count":1,"href":"https:\/\/proglass.de\/en\/wp-json\/wp\/v2\/pages\/74302\/revisions"}],"predecessor-version":[{"id":179463,"href":"https:\/\/proglass.de\/en\/wp-json\/wp\/v2\/pages\/74302\/revisions\/179463"}],"wp:attachment":[{"href":"https:\/\/proglass.de\/en\/wp-json\/wp\/v2\/media?parent=74302"}],"curies":[{"name":"wp","href":"https:\/\/api.w.org\/{rel}","templated":true}]}}